{"id":11,"date":"2016-09-23T18:09:38","date_gmt":"2016-09-23T16:09:38","guid":{"rendered":"http:\/\/bestcasing.com\/?page_id=11"},"modified":"2024-06-20T14:58:22","modified_gmt":"2024-06-20T12:58:22","slug":"unternehmen","status":"publish","type":"page","link":"https:\/\/bestcasing.com\/cz\/unternehmen\/","title":{"rendered":"Spole\u010dnost"},"content":{"rendered":"<p class=\"qtranxs-available-languages-message qtranxs-available-languages-message-cz\">Je n\u00e1m l\u00edto, tato polo\u017eka je k dispozici pouze v \"<a href=\"https:\/\/bestcasing.com\/de\/wp-json\/wp\/v2\/pages\/11\" class=\"qtranxs-available-language-link qtranxs-available-language-link-de\" title=\"Deutsch\">Deutsch<\/a>\" a \"<a href=\"https:\/\/bestcasing.com\/en\/wp-json\/wp\/v2\/pages\/11\" class=\"qtranxs-available-language-link qtranxs-available-language-link-en\" title=\"English\">English<\/a>\".<\/p>","protected":false},"excerpt":{"rendered":"<p>Je n\u00e1m l\u00edto, tato polo\u017eka je k dispozici pouze v &#8220;Deutsch&#8221; a &#8220;English&#8221;.<\/p>\n","protected":false},"author":1,"featured_media":122,"parent":0,"menu_order":0,"comment_status":"closed","ping_status":"closed","template":"","meta":{"footnotes":""},"class_list":["post-11","page","type-page","status-publish","has-post-thumbnail","hentry"],"_links":{"self":[{"href":"https:\/\/bestcasing.com\/cz\/wp-json\/wp\/v2\/pages\/11","targetHints":{"allow":["GET"]}}],"collection":[{"href":"https:\/\/bestcasing.com\/cz\/wp-json\/wp\/v2\/pages"}],"about":[{"href":"https:\/\/bestcasing.com\/cz\/wp-json\/wp\/v2\/types\/page"}],"author":[{"embeddable":true,"href":"https:\/\/bestcasing.com\/cz\/wp-json\/wp\/v2\/users\/1"}],"replies":[{"embeddable":true,"href":"https:\/\/bestcasing.com\/cz\/wp-json\/wp\/v2\/comments?post=11"}],"version-history":[{"count":49,"href":"https:\/\/bestcasing.com\/cz\/wp-json\/wp\/v2\/pages\/11\/revisions"}],"predecessor-version":[{"id":443,"href":"https:\/\/bestcasing.com\/cz\/wp-json\/wp\/v2\/pages\/11\/revisions\/443"}],"wp:featuredmedia":[{"embeddable":true,"href":"https:\/\/bestcasing.com\/cz\/wp-json\/wp\/v2\/media\/122"}],"wp:attachment":[{"href":"https:\/\/bestcasing.com\/cz\/wp-json\/wp\/v2\/media?parent=11"}],"curies":[{"name":"wp","href":"https:\/\/api.w.org\/{rel}","templated":true}]}}