{"id":47,"date":"2016-10-14T11:56:15","date_gmt":"2016-10-14T09:56:15","guid":{"rendered":"http:\/\/bestcasing.com\/?page_id=47"},"modified":"2017-10-26T15:51:07","modified_gmt":"2017-10-26T13:51:07","slug":"sicherheit","status":"publish","type":"page","link":"https:\/\/bestcasing.com\/cz\/sicherheit\/","title":{"rendered":"Spolehlivost"},"content":{"rendered":"<p class=\"qtranxs-available-languages-message qtranxs-available-languages-message-cz\">Je n\u00e1m l\u00edto, tato polo\u017eka je k dispozici pouze v \"<a href=\"https:\/\/bestcasing.com\/de\/wp-json\/wp\/v2\/pages\/47\" class=\"qtranxs-available-language-link qtranxs-available-language-link-de\" title=\"Deutsch\">Deutsch<\/a>\" a \"<a href=\"https:\/\/bestcasing.com\/en\/wp-json\/wp\/v2\/pages\/47\" class=\"qtranxs-available-language-link qtranxs-available-language-link-en\" title=\"English\">English<\/a>\".<\/p>","protected":false},"excerpt":{"rendered":"<p>Je n\u00e1m l\u00edto, tato polo\u017eka je k dispozici pouze v &#8220;Deutsch&#8221; a &#8220;English&#8221;.<\/p>\n","protected":false},"author":1,"featured_media":122,"parent":0,"menu_order":0,"comment_status":"closed","ping_status":"closed","template":"","meta":{"footnotes":""},"class_list":["post-47","page","type-page","status-publish","has-post-thumbnail","hentry"],"_links":{"self":[{"href":"https:\/\/bestcasing.com\/cz\/wp-json\/wp\/v2\/pages\/47","targetHints":{"allow":["GET"]}}],"collection":[{"href":"https:\/\/bestcasing.com\/cz\/wp-json\/wp\/v2\/pages"}],"about":[{"href":"https:\/\/bestcasing.com\/cz\/wp-json\/wp\/v2\/types\/page"}],"author":[{"embeddable":true,"href":"https:\/\/bestcasing.com\/cz\/wp-json\/wp\/v2\/users\/1"}],"replies":[{"embeddable":true,"href":"https:\/\/bestcasing.com\/cz\/wp-json\/wp\/v2\/comments?post=47"}],"version-history":[{"count":10,"href":"https:\/\/bestcasing.com\/cz\/wp-json\/wp\/v2\/pages\/47\/revisions"}],"predecessor-version":[{"id":314,"href":"https:\/\/bestcasing.com\/cz\/wp-json\/wp\/v2\/pages\/47\/revisions\/314"}],"wp:featuredmedia":[{"embeddable":true,"href":"https:\/\/bestcasing.com\/cz\/wp-json\/wp\/v2\/media\/122"}],"wp:attachment":[{"href":"https:\/\/bestcasing.com\/cz\/wp-json\/wp\/v2\/media?parent=47"}],"curies":[{"name":"wp","href":"https:\/\/api.w.org\/{rel}","templated":true}]}}