{"id":7,"date":"2016-09-23T18:08:52","date_gmt":"2016-09-23T16:08:52","guid":{"rendered":"http:\/\/bestcasing.com\/?page_id=7"},"modified":"2024-06-20T14:47:41","modified_gmt":"2024-06-20T12:47:41","slug":"produkte","status":"publish","type":"page","link":"https:\/\/bestcasing.com\/cz\/produkte\/","title":{"rendered":"V\u00fdrobky"},"content":{"rendered":"<p class=\"qtranxs-available-languages-message qtranxs-available-languages-message-cz\">Je n\u00e1m l\u00edto, tato polo\u017eka je k dispozici pouze v \"<a href=\"https:\/\/bestcasing.com\/de\/wp-json\/wp\/v2\/pages\/7\" class=\"qtranxs-available-language-link qtranxs-available-language-link-de\" title=\"Deutsch\">Deutsch<\/a>\" a \"<a href=\"https:\/\/bestcasing.com\/en\/wp-json\/wp\/v2\/pages\/7\" class=\"qtranxs-available-language-link qtranxs-available-language-link-en\" title=\"English\">English<\/a>\".<\/p>","protected":false},"excerpt":{"rendered":"<p>Je n\u00e1m l\u00edto, tato polo\u017eka je k dispozici pouze v &#8220;Deutsch&#8221; a &#8220;English&#8221;.<\/p>\n","protected":false},"author":1,"featured_media":300,"parent":0,"menu_order":0,"comment_status":"closed","ping_status":"closed","template":"","meta":{"footnotes":""},"class_list":["post-7","page","type-page","status-publish","has-post-thumbnail","hentry"],"_links":{"self":[{"href":"https:\/\/bestcasing.com\/cz\/wp-json\/wp\/v2\/pages\/7","targetHints":{"allow":["GET"]}}],"collection":[{"href":"https:\/\/bestcasing.com\/cz\/wp-json\/wp\/v2\/pages"}],"about":[{"href":"https:\/\/bestcasing.com\/cz\/wp-json\/wp\/v2\/types\/page"}],"author":[{"embeddable":true,"href":"https:\/\/bestcasing.com\/cz\/wp-json\/wp\/v2\/users\/1"}],"replies":[{"embeddable":true,"href":"https:\/\/bestcasing.com\/cz\/wp-json\/wp\/v2\/comments?post=7"}],"version-history":[{"count":63,"href":"https:\/\/bestcasing.com\/cz\/wp-json\/wp\/v2\/pages\/7\/revisions"}],"predecessor-version":[{"id":432,"href":"https:\/\/bestcasing.com\/cz\/wp-json\/wp\/v2\/pages\/7\/revisions\/432"}],"wp:featuredmedia":[{"embeddable":true,"href":"https:\/\/bestcasing.com\/cz\/wp-json\/wp\/v2\/media\/300"}],"wp:attachment":[{"href":"https:\/\/bestcasing.com\/cz\/wp-json\/wp\/v2\/media?parent=7"}],"curies":[{"name":"wp","href":"https:\/\/api.w.org\/{rel}","templated":true}]}}