{"id":9,"date":"2016-09-23T18:09:08","date_gmt":"2016-09-23T16:09:08","guid":{"rendered":"http:\/\/bestcasing.com\/?page_id=9"},"modified":"2024-06-20T14:51:23","modified_gmt":"2024-06-20T12:51:23","slug":"produktion","status":"publish","type":"page","link":"https:\/\/bestcasing.com\/cz\/produktion\/","title":{"rendered":"V\u00fdroba"},"content":{"rendered":"<p class=\"qtranxs-available-languages-message qtranxs-available-languages-message-cz\">Je n\u00e1m l\u00edto, tato polo\u017eka je k dispozici pouze v \"<a href=\"https:\/\/bestcasing.com\/de\/wp-json\/wp\/v2\/pages\/9\" class=\"qtranxs-available-language-link qtranxs-available-language-link-de\" title=\"Deutsch\">Deutsch<\/a>\" a \"<a href=\"https:\/\/bestcasing.com\/en\/wp-json\/wp\/v2\/pages\/9\" class=\"qtranxs-available-language-link qtranxs-available-language-link-en\" title=\"English\">English<\/a>\".<\/p>","protected":false},"excerpt":{"rendered":"<p>Je n\u00e1m l\u00edto, tato polo\u017eka je k dispozici pouze v &#8220;Deutsch&#8221; a &#8220;English&#8221;.<\/p>\n","protected":false},"author":1,"featured_media":263,"parent":0,"menu_order":0,"comment_status":"closed","ping_status":"closed","template":"","meta":{"footnotes":""},"class_list":["post-9","page","type-page","status-publish","has-post-thumbnail","hentry"],"_links":{"self":[{"href":"https:\/\/bestcasing.com\/cz\/wp-json\/wp\/v2\/pages\/9","targetHints":{"allow":["GET"]}}],"collection":[{"href":"https:\/\/bestcasing.com\/cz\/wp-json\/wp\/v2\/pages"}],"about":[{"href":"https:\/\/bestcasing.com\/cz\/wp-json\/wp\/v2\/types\/page"}],"author":[{"embeddable":true,"href":"https:\/\/bestcasing.com\/cz\/wp-json\/wp\/v2\/users\/1"}],"replies":[{"embeddable":true,"href":"https:\/\/bestcasing.com\/cz\/wp-json\/wp\/v2\/comments?post=9"}],"version-history":[{"count":22,"href":"https:\/\/bestcasing.com\/cz\/wp-json\/wp\/v2\/pages\/9\/revisions"}],"predecessor-version":[{"id":435,"href":"https:\/\/bestcasing.com\/cz\/wp-json\/wp\/v2\/pages\/9\/revisions\/435"}],"wp:featuredmedia":[{"embeddable":true,"href":"https:\/\/bestcasing.com\/cz\/wp-json\/wp\/v2\/media\/263"}],"wp:attachment":[{"href":"https:\/\/bestcasing.com\/cz\/wp-json\/wp\/v2\/media?parent=9"}],"curies":[{"name":"wp","href":"https:\/\/api.w.org\/{rel}","templated":true}]}}