{"id":99,"date":"2017-01-18T15:53:11","date_gmt":"2017-01-18T14:53:11","guid":{"rendered":"http:\/\/bestcasing.com\/?page_id=99"},"modified":"2025-12-18T03:25:59","modified_gmt":"2025-12-18T02:25:59","slug":"kontakt","status":"publish","type":"page","link":"https:\/\/bestcasing.com\/cz\/kontakt\/","title":{"rendered":"(Deutsch) KONTAKT"},"content":{"rendered":"<p class=\"qtranxs-available-languages-message qtranxs-available-languages-message-cz\">Je n\u00e1m l\u00edto, tato polo\u017eka je k dispozici pouze v \"<a href=\"https:\/\/bestcasing.com\/de\/wp-json\/wp\/v2\/pages\/99\" class=\"qtranxs-available-language-link qtranxs-available-language-link-de\" title=\"Deutsch\">Deutsch<\/a>\".<\/p>","protected":false},"excerpt":{"rendered":"<p>Je n\u00e1m l\u00edto, tato polo\u017eka je k dispozici pouze v &#8220;Deutsch&#8221;.<\/p>\n","protected":false},"author":1,"featured_media":270,"parent":0,"menu_order":0,"comment_status":"closed","ping_status":"closed","template":"","meta":{"footnotes":""},"class_list":["post-99","page","type-page","status-publish","has-post-thumbnail","hentry"],"_links":{"self":[{"href":"https:\/\/bestcasing.com\/cz\/wp-json\/wp\/v2\/pages\/99","targetHints":{"allow":["GET"]}}],"collection":[{"href":"https:\/\/bestcasing.com\/cz\/wp-json\/wp\/v2\/pages"}],"about":[{"href":"https:\/\/bestcasing.com\/cz\/wp-json\/wp\/v2\/types\/page"}],"author":[{"embeddable":true,"href":"https:\/\/bestcasing.com\/cz\/wp-json\/wp\/v2\/users\/1"}],"replies":[{"embeddable":true,"href":"https:\/\/bestcasing.com\/cz\/wp-json\/wp\/v2\/comments?post=99"}],"version-history":[{"count":24,"href":"https:\/\/bestcasing.com\/cz\/wp-json\/wp\/v2\/pages\/99\/revisions"}],"predecessor-version":[{"id":484,"href":"https:\/\/bestcasing.com\/cz\/wp-json\/wp\/v2\/pages\/99\/revisions\/484"}],"wp:featuredmedia":[{"embeddable":true,"href":"https:\/\/bestcasing.com\/cz\/wp-json\/wp\/v2\/media\/270"}],"wp:attachment":[{"href":"https:\/\/bestcasing.com\/cz\/wp-json\/wp\/v2\/media?parent=99"}],"curies":[{"name":"wp","href":"https:\/\/api.w.org\/{rel}","templated":true}]}}