{"id":11,"date":"2016-09-23T18:09:38","date_gmt":"2016-09-23T16:09:38","guid":{"rendered":"http:\/\/bestcasing.com\/?page_id=11"},"modified":"2024-06-20T14:58:22","modified_gmt":"2024-06-20T12:58:22","slug":"unternehmen","status":"publish","type":"page","link":"https:\/\/bestcasing.com\/de\/unternehmen\/","title":{"rendered":"UNTERNEHMEN"},"content":{"rendered":"<p><\/p>\n<h5><strong><span style=\"color: #ff0000;\">BEST<\/span>CASING<\/strong> fertigt und veredelt Naturdarmprodukte von h\u00f6chster Qualit\u00e4t f\u00fcr Gro\u00dfverbraucher, Fachh\u00e4ndler und Industrie. Verl\u00e4ssliche Partnerschaften stehen f\u00fcr unser modernes Familienunternehmen an erster Stelle.<\/h5>\n<p><img loading=\"lazy\" decoding=\"async\" class=\"alignnone wp-image-114\" src=\"http:\/\/bestcasing.com\/wordpress\/wp-content\/uploads\/cropped-DSC01112-2-1024x293.jpg\" alt=\"\" width=\"739\" height=\"211\" srcset=\"https:\/\/bestcasing.com\/wp-content\/uploads\/cropped-DSC01112-2-1024x293.jpg 1024w, https:\/\/bestcasing.com\/wp-content\/uploads\/cropped-DSC01112-2-316x90.jpg 316w, https:\/\/bestcasing.com\/wp-content\/uploads\/cropped-DSC01112-2-768x219.jpg 768w, https:\/\/bestcasing.com\/wp-content\/uploads\/cropped-DSC01112-2.jpg 1260w\" sizes=\"auto, (max-width: 739px) 100vw, 739px\" \/><\/p>\n<h5>We speak Casings<\/h5>\n<p>Seit 2004 sind wir im Erzgebirge in der Tschechischen Republik unweit der Grenze zu Sachsen ans\u00e4ssig.<\/p>\n<p><strong><span style=\"color: #ff0000;\">BEST<\/span>CASING<\/strong> ist seit 2011 <strong>IFS Food zertifiziert<\/strong> und unterliegt der st\u00e4ndigen Veterin\u00e4raufsicht bei Erf\u00fcllung der geltenden Hygienenormen, eingetragen unter <strong>CZ 9370 ES<\/strong>.<\/p>\n<p>Die gleichen hohen Hygieneanspr\u00fcche stellen wir selbstverst\u00e4ndlich auch an unsere Lieferanten. Alle Lieferungen unserer wertvollen Naturstoffe erfolgen ausschlie\u00dflich in modernsten K\u00fchlwagen und erf\u00fcllen somit ebenfalls die Anforderungen des Kontrollsystems <strong>HACCP<\/strong>.<\/p>\n<p><strong><span style=\"color: #ff0000;\">BEST<\/span>CASING<\/strong> Mitarbeiter sind erstklassig geschult, hoch sensibilisiert und stehen mit ihrer Leidenschaft f\u00fcr unsere hohe Produktqualit\u00e4t.<\/p>\n<h6>Lassen Sie sich jetzt beraten, wie wir Ihr Sortiment sofort wirtschaftlicher machen!<\/h6>\n<p><\/p>","protected":false},"excerpt":{"rendered":"<p>BESTCASING fertigt und veredelt Naturdarmprodukte von h\u00f6chster Qualit\u00e4t f\u00fcr Gro\u00dfverbraucher, Fachh\u00e4ndler und Industrie. Verl\u00e4ssliche Partnerschaften stehen f\u00fcr unser modernes Familienunternehmen an erster Stelle. We speak Casings Seit 2004 sind wir im Erzgebirge in der Tschechischen Republik unweit der Grenze zu<\/p>\n","protected":false},"author":1,"featured_media":122,"parent":0,"menu_order":0,"comment_status":"closed","ping_status":"closed","template":"","meta":{"footnotes":""},"class_list":["post-11","page","type-page","status-publish","has-post-thumbnail","hentry"],"_links":{"self":[{"href":"https:\/\/bestcasing.com\/de\/wp-json\/wp\/v2\/pages\/11","targetHints":{"allow":["GET"]}}],"collection":[{"href":"https:\/\/bestcasing.com\/de\/wp-json\/wp\/v2\/pages"}],"about":[{"href":"https:\/\/bestcasing.com\/de\/wp-json\/wp\/v2\/types\/page"}],"author":[{"embeddable":true,"href":"https:\/\/bestcasing.com\/de\/wp-json\/wp\/v2\/users\/1"}],"replies":[{"embeddable":true,"href":"https:\/\/bestcasing.com\/de\/wp-json\/wp\/v2\/comments?post=11"}],"version-history":[{"count":49,"href":"https:\/\/bestcasing.com\/de\/wp-json\/wp\/v2\/pages\/11\/revisions"}],"predecessor-version":[{"id":443,"href":"https:\/\/bestcasing.com\/de\/wp-json\/wp\/v2\/pages\/11\/revisions\/443"}],"wp:featuredmedia":[{"embeddable":true,"href":"https:\/\/bestcasing.com\/de\/wp-json\/wp\/v2\/media\/122"}],"wp:attachment":[{"href":"https:\/\/bestcasing.com\/de\/wp-json\/wp\/v2\/media?parent=11"}],"curies":[{"name":"wp","href":"https:\/\/api.w.org\/{rel}","templated":true}]}}