{"id":13,"date":"2016-09-23T18:11:01","date_gmt":"2016-09-23T16:11:01","guid":{"rendered":"http:\/\/bestcasing.com\/?page_id=13"},"modified":"2024-06-20T15:03:03","modified_gmt":"2024-06-20T13:03:03","slug":"qualitaet","status":"publish","type":"page","link":"https:\/\/bestcasing.com\/de\/qualitaet\/","title":{"rendered":"QUALIT\u00c4T"},"content":{"rendered":"<p><\/p>\n<h5>We speak Casings<\/h5>\n<p><strong><span style=\"color: #ff0000;\">BEST<\/span>CASING<\/strong> steht f\u00fcr kontrollierte Qualit\u00e4t. Jeder Warenein- bzw. Warenausgang wird bei uns auf das sorgf\u00e4ltigste gepr\u00fcft. St\u00e4ndige Kontrollen auch w\u00e4hrend der Bearbeitung der Rohware sorgen f\u00fcr zus\u00e4tzlich Sicherheit.<\/p>\n<p><span style=\"color: #ffffff;\">&#8212;<\/span><\/p>\n<p><img loading=\"lazy\" decoding=\"async\" class=\"wp-image-166\" src=\"http:\/\/bestcasing.com\/wordpress\/wp-content\/uploads\/qualitatN.png\" alt=\"qualitatN\" width=\"385\" height=\"257\" srcset=\"https:\/\/bestcasing.com\/wp-content\/uploads\/qualitatN.png 507w, https:\/\/bestcasing.com\/wp-content\/uploads\/qualitatN-316x211.png 316w\" sizes=\"auto, (max-width: 385px) 100vw, 385px\" \/><\/p>\n<p>Qualit\u00e4tskontrolle<\/p>\n<hr \/>\n<p><strong><span style=\"color: #ff0000;\">BEST<\/span>CASING<\/strong> Mitarbeiter verf\u00fcgen \u00fcber langj\u00e4hrige Erfahrung im professionellen Umgang mit der sensiblen Ware &#8218;Naturdarm&#8216; und unsere IFS Food Zertifizierung garantiert Ihnen eine Produktverarbeitung auf h\u00f6chstem Niveau.<\/p>","protected":false},"excerpt":{"rendered":"<p>We speak Casings BESTCASING steht f\u00fcr kontrollierte Qualit\u00e4t. Jeder Warenein- bzw. Warenausgang wird bei uns auf das sorgf\u00e4ltigste gepr\u00fcft. St\u00e4ndige Kontrollen auch w\u00e4hrend der Bearbeitung der Rohware sorgen f\u00fcr zus\u00e4tzlich Sicherheit. &#8212; Qualit\u00e4tskontrolle BESTCASING Mitarbeiter verf\u00fcgen \u00fcber langj\u00e4hrige Erfahrung im<\/p>\n","protected":false},"author":1,"featured_media":320,"parent":0,"menu_order":0,"comment_status":"closed","ping_status":"closed","template":"","meta":{"footnotes":""},"class_list":["post-13","page","type-page","status-publish","has-post-thumbnail","hentry"],"_links":{"self":[{"href":"https:\/\/bestcasing.com\/de\/wp-json\/wp\/v2\/pages\/13","targetHints":{"allow":["GET"]}}],"collection":[{"href":"https:\/\/bestcasing.com\/de\/wp-json\/wp\/v2\/pages"}],"about":[{"href":"https:\/\/bestcasing.com\/de\/wp-json\/wp\/v2\/types\/page"}],"author":[{"embeddable":true,"href":"https:\/\/bestcasing.com\/de\/wp-json\/wp\/v2\/users\/1"}],"replies":[{"embeddable":true,"href":"https:\/\/bestcasing.com\/de\/wp-json\/wp\/v2\/comments?post=13"}],"version-history":[{"count":25,"href":"https:\/\/bestcasing.com\/de\/wp-json\/wp\/v2\/pages\/13\/revisions"}],"predecessor-version":[{"id":444,"href":"https:\/\/bestcasing.com\/de\/wp-json\/wp\/v2\/pages\/13\/revisions\/444"}],"wp:featuredmedia":[{"embeddable":true,"href":"https:\/\/bestcasing.com\/de\/wp-json\/wp\/v2\/media\/320"}],"wp:attachment":[{"href":"https:\/\/bestcasing.com\/de\/wp-json\/wp\/v2\/media?parent=13"}],"curies":[{"name":"wp","href":"https:\/\/api.w.org\/{rel}","templated":true}]}}