{"id":47,"date":"2016-10-14T11:56:15","date_gmt":"2016-10-14T09:56:15","guid":{"rendered":"http:\/\/bestcasing.com\/?page_id=47"},"modified":"2017-10-26T15:51:07","modified_gmt":"2017-10-26T13:51:07","slug":"sicherheit","status":"publish","type":"page","link":"https:\/\/bestcasing.com\/de\/sicherheit\/","title":{"rendered":"Sicherheit"},"content":{"rendered":"<p><\/p>\n<div id=\"main\">\n<div id=\"container\">\n<div id=\"content\">\n<div id=\"post-4\" class=\"post-4 page type-page status-publish hentry\">\n<div class=\"entry-content\">\n<div class=\"anyipsum-output\">\n<p><strong>IFS Zertifizierung<\/strong><\/p>\n<p><img loading=\"lazy\" decoding=\"async\" class=\"alignnone wp-image-168\" src=\"http:\/\/bestcasing.com\/wp-content\/uploads\/IFS_Food_Box_coated_Cmyk.jpg\" alt=\"IFS_Food_Box_coated_Cmyk\" width=\"209\" height=\"104\" \/><\/p>\n<p>Der IFS Food Standard ist ein von der GFSI (Global Food Safety Initiative) anerkannter Standard f\u00fcr die Auditierung von Lebensmittelherstellern. Der Schwerpunkt liegt hierbei auf Lebensmittelsicherheit und der Qualit\u00e4t der Verfahren und Produkte. Der Standard gilt f\u00fcr die Verarbeiter von Lebensmitteln ebenso wie f\u00fcr Unternehmen, in denen unverpackte Lebensmittel verpackt werden.<\/p>\n<p>IFS Food kommt dort zum Einsatz, wo Produkte \u201everarbeitet\u201c werden, oder wo bei der Erstverpackung die Gefahr einer Kontamination des Produktes besteht. Der Standard ist wichtig f\u00fcr alle Hersteller von Lebensmitteln, insbesondere f\u00fcr die Hersteller von Eigenmarken, da viele Anforderungen die Einhaltung von Kundenspezifikationen pr\u00fcfen.<\/p>\n<\/div>\n<\/div>\n<\/div>\n<\/div>\n<\/div>\n<\/div>\n<p><\/p>","protected":false},"excerpt":{"rendered":"<p>IFS Zertifizierung Der IFS Food Standard ist ein von der GFSI (Global Food Safety Initiative) anerkannter Standard f\u00fcr die Auditierung von Lebensmittelherstellern. Der Schwerpunkt liegt hierbei auf Lebensmittelsicherheit und der Qualit\u00e4t der Verfahren und Produkte. Der Standard gilt f\u00fcr die<\/p>\n","protected":false},"author":1,"featured_media":122,"parent":0,"menu_order":0,"comment_status":"closed","ping_status":"closed","template":"","meta":{"footnotes":""},"class_list":["post-47","page","type-page","status-publish","has-post-thumbnail","hentry"],"_links":{"self":[{"href":"https:\/\/bestcasing.com\/de\/wp-json\/wp\/v2\/pages\/47","targetHints":{"allow":["GET"]}}],"collection":[{"href":"https:\/\/bestcasing.com\/de\/wp-json\/wp\/v2\/pages"}],"about":[{"href":"https:\/\/bestcasing.com\/de\/wp-json\/wp\/v2\/types\/page"}],"author":[{"embeddable":true,"href":"https:\/\/bestcasing.com\/de\/wp-json\/wp\/v2\/users\/1"}],"replies":[{"embeddable":true,"href":"https:\/\/bestcasing.com\/de\/wp-json\/wp\/v2\/comments?post=47"}],"version-history":[{"count":10,"href":"https:\/\/bestcasing.com\/de\/wp-json\/wp\/v2\/pages\/47\/revisions"}],"predecessor-version":[{"id":314,"href":"https:\/\/bestcasing.com\/de\/wp-json\/wp\/v2\/pages\/47\/revisions\/314"}],"wp:featuredmedia":[{"embeddable":true,"href":"https:\/\/bestcasing.com\/de\/wp-json\/wp\/v2\/media\/122"}],"wp:attachment":[{"href":"https:\/\/bestcasing.com\/de\/wp-json\/wp\/v2\/media?parent=47"}],"curies":[{"name":"wp","href":"https:\/\/api.w.org\/{rel}","templated":true}]}}