{"id":9,"date":"2016-09-23T18:09:08","date_gmt":"2016-09-23T16:09:08","guid":{"rendered":"http:\/\/bestcasing.com\/?page_id=9"},"modified":"2024-06-20T14:51:23","modified_gmt":"2024-06-20T12:51:23","slug":"produktion","status":"publish","type":"page","link":"https:\/\/bestcasing.com\/de\/produktion\/","title":{"rendered":"PRODUKTION"},"content":{"rendered":"<p><\/p>\n<h5>We speak Casings<\/h5>\n<p><strong><span style=\"color: #ff0000;\">BEST<\/span>CASING<\/strong> verf\u00fcgt \u00fcber eine hochmoderne Produktionsst\u00e4tte. Hier veredeln wir Naturd\u00e4rme in verschiedensten Kalibern und Aufmachungen. Sie als Kunde w\u00e4hlen zwischen gesalzen, f\u00fcllfertig, als Einzelhanks oder auf Hard- oder Softtubes in Salzlake verpackt. Je nach Bestellmenge und Weiterverarbeitungsanforderungen liefern wir Ihnen die D\u00e4rme in Beuteln oder Dosen, Eimern oder Hobbocks, aber auch E2-Kisten oder F\u00e4ssern.<\/p>\n<p>\u00dcberzeugen Sie sich selbst &#8211; wir freuen uns auf Ihren Besuch bei <strong><span style=\"color: #ff0000;\">BEST<\/span>CASING<\/strong><\/p>\n<p><img loading=\"lazy\" decoding=\"async\" class=\"alignnone wp-image-142 size-full\" src=\"http:\/\/bestcasing.com\/wordpress\/wp-content\/uploads\/DSC01122.jpg\" alt=\"DSC01122\" width=\"240\" height=\"150\" \/> \u00a0\u00a0 <img loading=\"lazy\" decoding=\"async\" class=\"alignnone wp-image-145 size-full\" src=\"http:\/\/bestcasing.com\/wordpress\/wp-content\/uploads\/IMG_2489.jpg\" alt=\"IMG_2489\" width=\"240\" height=\"150\" \/><\/p>\n<p><\/p>","protected":false},"excerpt":{"rendered":"<p>We speak Casings BESTCASING verf\u00fcgt \u00fcber eine hochmoderne Produktionsst\u00e4tte. Hier veredeln wir Naturd\u00e4rme in verschiedensten Kalibern und Aufmachungen. Sie als Kunde w\u00e4hlen zwischen gesalzen, f\u00fcllfertig, als Einzelhanks oder auf Hard- oder Softtubes in Salzlake verpackt. Je nach Bestellmenge und Weiterverarbeitungsanforderungen<\/p>\n","protected":false},"author":1,"featured_media":263,"parent":0,"menu_order":0,"comment_status":"closed","ping_status":"closed","template":"","meta":{"footnotes":""},"class_list":["post-9","page","type-page","status-publish","has-post-thumbnail","hentry"],"_links":{"self":[{"href":"https:\/\/bestcasing.com\/de\/wp-json\/wp\/v2\/pages\/9","targetHints":{"allow":["GET"]}}],"collection":[{"href":"https:\/\/bestcasing.com\/de\/wp-json\/wp\/v2\/pages"}],"about":[{"href":"https:\/\/bestcasing.com\/de\/wp-json\/wp\/v2\/types\/page"}],"author":[{"embeddable":true,"href":"https:\/\/bestcasing.com\/de\/wp-json\/wp\/v2\/users\/1"}],"replies":[{"embeddable":true,"href":"https:\/\/bestcasing.com\/de\/wp-json\/wp\/v2\/comments?post=9"}],"version-history":[{"count":22,"href":"https:\/\/bestcasing.com\/de\/wp-json\/wp\/v2\/pages\/9\/revisions"}],"predecessor-version":[{"id":435,"href":"https:\/\/bestcasing.com\/de\/wp-json\/wp\/v2\/pages\/9\/revisions\/435"}],"wp:featuredmedia":[{"embeddable":true,"href":"https:\/\/bestcasing.com\/de\/wp-json\/wp\/v2\/media\/263"}],"wp:attachment":[{"href":"https:\/\/bestcasing.com\/de\/wp-json\/wp\/v2\/media?parent=9"}],"curies":[{"name":"wp","href":"https:\/\/api.w.org\/{rel}","templated":true}]}}