{"id":99,"date":"2017-01-18T15:53:11","date_gmt":"2017-01-18T14:53:11","guid":{"rendered":"http:\/\/bestcasing.com\/?page_id=99"},"modified":"2025-12-18T03:25:59","modified_gmt":"2025-12-18T02:25:59","slug":"kontakt","status":"publish","type":"page","link":"https:\/\/bestcasing.com\/de\/kontakt\/","title":{"rendered":"KONTAKT"},"content":{"rendered":"<h2><span style=\"color: #000000;\">We speak Casings &#8211; <\/span><span style=\"color: #000000;\">BEST CASING<\/span><\/h2>\n<p>Beste Qualit\u00e4t ist eine Sache &#8211; professionelle Beratung und Service machen den Unterschied!<\/p>\n<p>Wir bei BEST CASING bieten Ihnen pers\u00f6nliche Betreuung und kompetente Beratung.<\/p>\n<p>Ihr Ansprechpartner:<\/p>\n<p><img loading=\"lazy\" decoding=\"async\" class=\"alignleft  wp-image-452\" src=\"http:\/\/bestcasing.com\/wordpress\/wp-content\/uploads\/btfoto.jpg\" alt=\"\" width=\"186\" height=\"225\" srcset=\"https:\/\/bestcasing.com\/wp-content\/uploads\/btfoto.jpg 758w, https:\/\/bestcasing.com\/wp-content\/uploads\/btfoto-261x316.jpg 261w\" sizes=\"auto, (max-width: 186px) 100vw, 186px\" \/><\/p>\n<p>_____________________________________<\/p>\n<p><strong>Boris Thorban\u00a0<\/strong><\/p>\n<p><strong>Vertriebsleitung<\/strong><\/p>\n<p><strong>Mobil: +49 163 9752257<\/strong><\/p>\n<p><strong>E-mail: thorban@bestcasing.com<\/strong><\/p>\n<p>_____________________________________<\/p>\n<p>.<\/p>\n<p>Unternehmen:<\/p>\n<p><strong>BEST\u00a0 CASING s.r.o.<\/strong><br \/>\nPr\u016fmyslov\u00e1 1, Vern\u00e9\u0159ov<br \/>\nCZ &#8211; 431 51 Kl\u00e1\u0161terec nad Oh\u0159\u00ed<\/p>\n<p>Telefon: \u00a0\u00a0 \u00a0+420 474 316 500<br \/>\nFax: \u00a0\u00a0 \u00a0 \u00a0 \u00a0 \u00a0 +420 474 316 501<br \/>\nE-Mail: info@bestcasing.com<br \/>\nInternet: bestcasing.com<\/p>\n<hr \/>\n<p>Registergericht: : C 21273 gef\u00fchrt bei Kreisgericht in \u00dast\u00ed nad Labem<br \/>\nRegisternummer: C 21273<br \/>\nUSt-ID-Nr.: CZ25419609<br \/>\nEG-Nr.: CZ 4560 ES<\/p>\n<p>Vertretungsberechtigter Gesch\u00e4ftsf\u00fchrer: Obeidullah Sharifzadah<\/p>\n<p>Haftungshinweis: Trotz sorgf\u00e4ltiger inhaltlicher Kontrolle \u00fcbernehmen wir keine Haftung f\u00fcr die Inhalte externer Links. F\u00fcr den Inhalt der verlinkten Seiten sind ausschlie\u00dflich deren Betreiber verantwortlich.<\/p>","protected":false},"excerpt":{"rendered":"<p>We speak Casings &#8211; BEST CASING Beste Qualit\u00e4t ist eine Sache &#8211; professionelle Beratung und Service machen den Unterschied! Wir bei BEST CASING bieten Ihnen pers\u00f6nliche Betreuung und kompetente Beratung. Ihr Ansprechpartner: _____________________________________ Boris Thorban\u00a0 Vertriebsleitung Mobil: +49 163 9752257<\/p>\n","protected":false},"author":1,"featured_media":270,"parent":0,"menu_order":0,"comment_status":"closed","ping_status":"closed","template":"","meta":{"footnotes":""},"class_list":["post-99","page","type-page","status-publish","has-post-thumbnail","hentry"],"_links":{"self":[{"href":"https:\/\/bestcasing.com\/de\/wp-json\/wp\/v2\/pages\/99","targetHints":{"allow":["GET"]}}],"collection":[{"href":"https:\/\/bestcasing.com\/de\/wp-json\/wp\/v2\/pages"}],"about":[{"href":"https:\/\/bestcasing.com\/de\/wp-json\/wp\/v2\/types\/page"}],"author":[{"embeddable":true,"href":"https:\/\/bestcasing.com\/de\/wp-json\/wp\/v2\/users\/1"}],"replies":[{"embeddable":true,"href":"https:\/\/bestcasing.com\/de\/wp-json\/wp\/v2\/comments?post=99"}],"version-history":[{"count":24,"href":"https:\/\/bestcasing.com\/de\/wp-json\/wp\/v2\/pages\/99\/revisions"}],"predecessor-version":[{"id":484,"href":"https:\/\/bestcasing.com\/de\/wp-json\/wp\/v2\/pages\/99\/revisions\/484"}],"wp:featuredmedia":[{"embeddable":true,"href":"https:\/\/bestcasing.com\/de\/wp-json\/wp\/v2\/media\/270"}],"wp:attachment":[{"href":"https:\/\/bestcasing.com\/de\/wp-json\/wp\/v2\/media?parent=99"}],"curies":[{"name":"wp","href":"https:\/\/api.w.org\/{rel}","templated":true}]}}